{"id":103,"date":"2020-07-30T10:30:02","date_gmt":"2020-07-30T08:30:02","guid":{"rendered":"https:\/\/www.domaine-picard.com\/blog\/?page_id=103"},"modified":"2021-10-22T14:28:58","modified_gmt":"2021-10-22T12:28:58","slug":"accueil","status":"publish","type":"page","link":"https:\/\/www.domaine-picard.com\/blog\/","title":{"rendered":"Accueil"},"content":{"rendered":"<p>[et_pb_section fb_built=\u00a0\u00bb1&Prime; admin_label=\u00a0\u00bbsection\u00a0\u00bb _builder_version=\u00a0\u00bb3.22&Prime;][et_pb_row admin_label=\u00a0\u00bbrow\u00a0\u00bb _builder_version=\u00a0\u00bb3.25&Prime; background_size=\u00a0\u00bbinitial\u00a0\u00bb background_position=\u00a0\u00bbtop_left\u00a0\u00bb background_repeat=\u00a0\u00bbrepeat\u00a0\u00bb][et_pb_column type=\u00a0\u00bb4_4&Prime; _builder_version=\u00a0\u00bb3.25&Prime; custom_padding=\u00a0\u00bb|||\u00a0\u00bb custom_padding__hover=\u00a0\u00bb|||\u00a0\u00bb][\/et_pb_column][\/et_pb_row][et_pb_row _builder_version=\u00a0\u00bb4.5.0&Prime; _module_preset=\u00a0\u00bbdefault\u00a0\u00bb][et_pb_column type=\u00a0\u00bb4_4&Prime; _builder_version=\u00a0\u00bb4.5.0&Prime; _module_preset=\u00a0\u00bbdefault\u00a0\u00bb][et_pb_text _builder_version=\u00a0\u00bb4.5.0&Prime; _module_preset=\u00a0\u00bbdefault\u00a0\u00bb hover_enabled=\u00a0\u00bb0&Prime;]<\/p>\n<p>Vous \u00eates \u00e0 la recherche d&rsquo;un <strong>blog<\/strong> qui parle de <strong>charcuterie<\/strong> et de <strong>recettes<\/strong> qui utilisent diverses <strong>charcuteries<\/strong> ? Alors vous \u00eates au bon endroit avec le <strong>blog du Domaine Picard<\/strong>. <strong>Charcuterie fran\u00e7aise<\/strong> qui vous propose de la <strong>charcuterie traditionnelle<\/strong> depuis 1949, l&rsquo;enseigne <strong>Domaine Picard<\/strong> vous propose ce <strong>blog charcuterie<\/strong> orient\u00e9 <strong>recettes<\/strong> \u00e0 base de nos produits charcutiers (mais pas que) et conseils et astuces sur tout ce qui concerne de pr\u00e8s ou de loin la charcuterie.<\/p>\n<p>Voil\u00e0 plusieurs ann\u00e9es que nous avons plaisir \u00e0 vous donner le meilleur pour ravir les papilles de tous les bons vivants et amoureux de la charcuterie mais avec ce blog nous voulions aller encore plus loin : vous proposer des recettes utilisant nos produits comme par exemple pour <strong>cuisiner un bon <a href=\"https:\/\/www.domaine-picard.com\/blog\/recette\/comment-preparer-un-bon-welsh\/\">welsh du Nord<\/a><\/strong> ou des int\u00e9grations de ces derniers dans des repas \u00e0 th\u00e8me comme une <a href=\"https:\/\/www.domaine-picard.com\/blog\/recette\/planche-apero-gourmande\/\"><strong>planche ap\u00e9ro<\/strong><\/a> que vous aurez le plus grand plaisir \u00e0 partager \u00e0 la maison en famille ou avec vos amis.<\/p>\n<p>[\/et_pb_text][\/et_pb_column][\/et_pb_row][\/et_pb_section]<\/p>\n","protected":false},"excerpt":{"rendered":"<p>Vous \u00eates \u00e0 la recherche d&rsquo;un blog qui parle de charcuterie et de recettes qui utilisent diverses charcuteries ? Alors vous \u00eates au bon endroit avec le blog du Domaine Picard. Charcuterie fran\u00e7aise qui vous propose de la charcuterie traditionnelle depuis 1949, l&rsquo;enseigne Domaine Picard vous propose ce blog charcuterie orient\u00e9 recettes \u00e0 base de [&hellip;]<\/p>\n","protected":false},"author":3,"featured_media":0,"parent":0,"menu_order":0,"comment_status":"closed","ping_status":"closed","template":"","meta":{"_et_pb_use_builder":"on","_et_pb_old_content":"","_et_gb_content_width":"","inline_featured_image":false,"yasr_overall_rating":0,"yasr_post_is_review":"","yasr_auto_insert_disabled":"","yasr_review_type":"","footnotes":""},"class_list":["post-103","page","type-page","status-publish","hentry"],"yoast_head":"<!-- This site is optimized with the Yoast SEO plugin v22.6 - https:\/\/yoast.com\/wordpress\/plugins\/seo\/ -->\n<title>Blog charcuterie : blog Domaine Picard, recettes &amp; charcuterie !<\/title>\n<meta name=\"description\" content=\"Faites plaisir \u00e0 vos papilles en suivant les d\u00e9licieuses recettes de notre blog et d\u00e9couvrez le monde de la charcuterie.\" \/>\n<meta name=\"robots\" content=\"index, follow, max-snippet:-1, max-image-preview:large, max-video-preview:-1\" \/>\n<link rel=\"canonical\" href=\"https:\/\/www.domaine-picard.com\/blog\/\" \/>\n<meta property=\"og:locale\" content=\"fr_FR\" \/>\n<meta property=\"og:type\" content=\"article\" \/>\n<meta property=\"og:title\" content=\"Blog charcuterie : blog Domaine Picard, recettes &amp; charcuterie !\" \/>\n<meta property=\"og:description\" content=\"Faites plaisir \u00e0 vos papilles en suivant les d\u00e9licieuses recettes de notre blog et d\u00e9couvrez le monde de la charcuterie.\" \/>\n<meta property=\"og:url\" content=\"https:\/\/www.domaine-picard.com\/blog\/\" \/>\n<meta property=\"og:site_name\" content=\"Blog Domaine Picard\" \/>\n<meta property=\"article:modified_time\" content=\"2021-10-22T12:28:58+00:00\" \/>\n<meta name=\"twitter:card\" content=\"summary_large_image\" \/>\n<meta name=\"twitter:label1\" content=\"Dur\u00e9e de lecture estim\u00e9e\" \/>\n\t<meta name=\"twitter:data1\" content=\"1 minute\" \/>\n<script type=\"application\/ld+json\" class=\"yoast-schema-graph\">{\"@context\":\"https:\/\/schema.org\",\"@graph\":[{\"@type\":\"WebPage\",\"@id\":\"https:\/\/www.domaine-picard.com\/blog\/\",\"url\":\"https:\/\/www.domaine-picard.com\/blog\/\",\"name\":\"Blog charcuterie : blog Domaine Picard, recettes & charcuterie !\",\"isPartOf\":{\"@id\":\"https:\/\/www.domaine-picard.com\/blog\/#website\"},\"datePublished\":\"2020-07-30T08:30:02+00:00\",\"dateModified\":\"2021-10-22T12:28:58+00:00\",\"description\":\"Faites plaisir \u00e0 vos papilles en suivant les d\u00e9licieuses recettes de notre blog et d\u00e9couvrez le monde de la charcuterie.\",\"breadcrumb\":{\"@id\":\"https:\/\/www.domaine-picard.com\/blog\/#breadcrumb\"},\"inLanguage\":\"fr-FR\",\"potentialAction\":[{\"@type\":\"ReadAction\",\"target\":[\"https:\/\/www.domaine-picard.com\/blog\/\"]}]},{\"@type\":\"BreadcrumbList\",\"@id\":\"https:\/\/www.domaine-picard.com\/blog\/#breadcrumb\",\"itemListElement\":[{\"@type\":\"ListItem\",\"position\":1,\"name\":\"Accueil\",\"item\":\"https:\/\/www.domaine-picard.com\/blog\/\"},{\"@type\":\"ListItem\",\"position\":2,\"name\":\"Accueil\"}]},{\"@type\":\"WebSite\",\"@id\":\"https:\/\/www.domaine-picard.com\/blog\/#website\",\"url\":\"https:\/\/www.domaine-picard.com\/blog\/\",\"name\":\"Blog Domaine Picard\",\"description\":\"Un site utilisant WordPress\",\"publisher\":{\"@id\":\"https:\/\/www.domaine-picard.com\/blog\/#organization\"},\"potentialAction\":[{\"@type\":\"SearchAction\",\"target\":{\"@type\":\"EntryPoint\",\"urlTemplate\":\"https:\/\/www.domaine-picard.com\/blog\/?s={search_term_string}\"},\"query-input\":\"required name=search_term_string\"}],\"inLanguage\":\"fr-FR\"},{\"@type\":\"Organization\",\"@id\":\"https:\/\/www.domaine-picard.com\/blog\/#organization\",\"name\":\"Domaine Picard\",\"url\":\"https:\/\/www.domaine-picard.com\/blog\/\",\"logo\":{\"@type\":\"ImageObject\",\"inLanguage\":\"fr-FR\",\"@id\":\"https:\/\/www.domaine-picard.com\/blog\/#\/schema\/logo\/image\/\",\"url\":\"https:\/\/www.domaine-picard.com\/blog\/wp-content\/uploads\/2020\/07\/domaine-picard-logo.png\",\"contentUrl\":\"https:\/\/www.domaine-picard.com\/blog\/wp-content\/uploads\/2020\/07\/domaine-picard-logo.png\",\"width\":300,\"height\":166,\"caption\":\"Domaine Picard\"},\"image\":{\"@id\":\"https:\/\/www.domaine-picard.com\/blog\/#\/schema\/logo\/image\/\"}},false]}<\/script>\n<!-- \/ Yoast SEO plugin. -->","yoast_head_json":{"title":"Blog charcuterie : blog Domaine Picard, recettes & charcuterie !","description":"Faites plaisir \u00e0 vos papilles en suivant les d\u00e9licieuses recettes de notre blog et d\u00e9couvrez le monde de la charcuterie.","robots":{"index":"index","follow":"follow","max-snippet":"max-snippet:-1","max-image-preview":"max-image-preview:large","max-video-preview":"max-video-preview:-1"},"canonical":"https:\/\/www.domaine-picard.com\/blog\/","og_locale":"fr_FR","og_type":"article","og_title":"Blog charcuterie : blog Domaine Picard, recettes & charcuterie !","og_description":"Faites plaisir \u00e0 vos papilles en suivant les d\u00e9licieuses recettes de notre blog et d\u00e9couvrez le monde de la charcuterie.","og_url":"https:\/\/www.domaine-picard.com\/blog\/","og_site_name":"Blog Domaine Picard","article_modified_time":"2021-10-22T12:28:58+00:00","twitter_card":"summary_large_image","twitter_misc":{"Dur\u00e9e de lecture estim\u00e9e":"1 minute"},"schema":{"@context":"https:\/\/schema.org","@graph":[{"@type":"WebPage","@id":"https:\/\/www.domaine-picard.com\/blog\/","url":"https:\/\/www.domaine-picard.com\/blog\/","name":"Blog charcuterie : blog Domaine Picard, recettes & charcuterie !","isPartOf":{"@id":"https:\/\/www.domaine-picard.com\/blog\/#website"},"datePublished":"2020-07-30T08:30:02+00:00","dateModified":"2021-10-22T12:28:58+00:00","description":"Faites plaisir \u00e0 vos papilles en suivant les d\u00e9licieuses recettes de notre blog et d\u00e9couvrez le monde de la charcuterie.","breadcrumb":{"@id":"https:\/\/www.domaine-picard.com\/blog\/#breadcrumb"},"inLanguage":"fr-FR","potentialAction":[{"@type":"ReadAction","target":["https:\/\/www.domaine-picard.com\/blog\/"]}]},{"@type":"BreadcrumbList","@id":"https:\/\/www.domaine-picard.com\/blog\/#breadcrumb","itemListElement":[{"@type":"ListItem","position":1,"name":"Accueil","item":"https:\/\/www.domaine-picard.com\/blog\/"},{"@type":"ListItem","position":2,"name":"Accueil"}]},{"@type":"WebSite","@id":"https:\/\/www.domaine-picard.com\/blog\/#website","url":"https:\/\/www.domaine-picard.com\/blog\/","name":"Blog Domaine Picard","description":"Un site utilisant WordPress","publisher":{"@id":"https:\/\/www.domaine-picard.com\/blog\/#organization"},"potentialAction":[{"@type":"SearchAction","target":{"@type":"EntryPoint","urlTemplate":"https:\/\/www.domaine-picard.com\/blog\/?s={search_term_string}"},"query-input":"required name=search_term_string"}],"inLanguage":"fr-FR"},{"@type":"Organization","@id":"https:\/\/www.domaine-picard.com\/blog\/#organization","name":"Domaine Picard","url":"https:\/\/www.domaine-picard.com\/blog\/","logo":{"@type":"ImageObject","inLanguage":"fr-FR","@id":"https:\/\/www.domaine-picard.com\/blog\/#\/schema\/logo\/image\/","url":"https:\/\/www.domaine-picard.com\/blog\/wp-content\/uploads\/2020\/07\/domaine-picard-logo.png","contentUrl":"https:\/\/www.domaine-picard.com\/blog\/wp-content\/uploads\/2020\/07\/domaine-picard-logo.png","width":300,"height":166,"caption":"Domaine Picard"},"image":{"@id":"https:\/\/www.domaine-picard.com\/blog\/#\/schema\/logo\/image\/"}},false]}},"yasr_visitor_votes":{"stars_attributes":{"read_only":true,"span_bottom":"<div class='yasr-small-block-bold'><span class='yasr-visitor-votes-must-sign-in'>Vous devez vous connecter pour voter<\/span><\/div>"},"number_of_votes":0,"sum_votes":0},"_links":{"self":[{"href":"https:\/\/www.domaine-picard.com\/blog\/wp-json\/wp\/v2\/pages\/103","targetHints":{"allow":["GET"]}}],"collection":[{"href":"https:\/\/www.domaine-picard.com\/blog\/wp-json\/wp\/v2\/pages"}],"about":[{"href":"https:\/\/www.domaine-picard.com\/blog\/wp-json\/wp\/v2\/types\/page"}],"author":[{"embeddable":true,"href":"https:\/\/www.domaine-picard.com\/blog\/wp-json\/wp\/v2\/users\/3"}],"replies":[{"embeddable":true,"href":"https:\/\/www.domaine-picard.com\/blog\/wp-json\/wp\/v2\/comments?post=103"}],"version-history":[{"count":4,"href":"https:\/\/www.domaine-picard.com\/blog\/wp-json\/wp\/v2\/pages\/103\/revisions"}],"predecessor-version":[{"id":1061,"href":"https:\/\/www.domaine-picard.com\/blog\/wp-json\/wp\/v2\/pages\/103\/revisions\/1061"}],"wp:attachment":[{"href":"https:\/\/www.domaine-picard.com\/blog\/wp-json\/wp\/v2\/media?parent=103"}],"curies":[{"name":"wp","href":"https:\/\/api.w.org\/{rel}","templated":true}]}}